{"id":89,"date":"2023-05-11T11:47:54","date_gmt":"2023-05-11T11:47:54","guid":{"rendered":"http:\/\/scholl-international.com\/?post_type=product&#038;p=89"},"modified":"2023-05-11T11:51:39","modified_gmt":"2023-05-11T11:51:39","slug":"natural-wool-cutting-pad","status":"publish","type":"product","link":"https:\/\/scholl-international.com\/hr\/proizvod\/natural-wool-cutting-pad\/","title":{"rendered":"NATURAL WOOL CUTTING PAD"},"content":{"rendered":"<p>Tamo gdje zavr\u0161ava maksimalna brzina skidanja spu\u017eve, po\u010dinje uporaba diskova (spu\u017eve) za poliranje s kratkim slojem prirodne vune.<\/p>\n<p>Konvencionale spu\u017eve od janje\u0107e vune s duljinom vlakana od oko 15 mm me\u0111u najabrazivnijim su spu\u017evama za poliranje na tr\u017ei\u0161tu. Me\u0111utim, zbog dugih vlakana, oni su prikladni samo za rotacijsku obradu. Iz tog su razloga razvijeni kratke vunene spu\u017eve kako bi se osigurala odgovaraju\u0107a ve\u0107a stopa uklanjanja \u010dak i kod ekscentri\u010dnih aplikacija.<\/p>\n<p>Vlakna s kratkom dlakom tako\u0111er se lako \u010diste nakon upotrebe. Obrada se mo\u017ee obaviti rotacijskim ili ekscentri\u010dnim strojem za poliranje u kombinaciji s na\u0161im vrhunskim brusnim pastama.<\/p>\n<p>F\u00fcr das perfekte Finish verwenden Sie in einem zweiten Arbeitsgang unser Premium Pad Orange in Kombination mit unserer S30+ Antihologramm Politur &#8211; idealerweise exzentrisch verarbeitet. F\u00fcr eine langanhaltende Versiegelung der Lackoberfl\u00e4che ist unser Coatwax W6 Black hervorragend geeignet<\/p>","protected":false},"excerpt":{"rendered":"<p>Tamo gdje zavr\u0161ava maksimalna brzina skidanja spu\u017eve, po\u010dinje uporaba diskova (spu\u017eve) za poliranje s kratkim slojem prirodne vune.<\/p>\n<p>Konvencionale spu\u017eve od janje\u0107e vune s duljinom vlakana od oko 15 mm me\u0111u najabrazivnijim su spu\u017evama za poliranje na tr\u017ei\u0161tu. Me\u0111utim, zbog dugih vlakana, oni su prikladni samo za rotacijsku obradu. Iz tog su razloga razvijeni kratke vunene spu\u017eve kako bi se osigurala odgovaraju\u0107a ve\u0107a stopa uklanjanja \u010dak i kod ekscentri\u010dnih aplikacija.<\/p>\n<p>Vlakna s kratkom dlakom tako\u0111er se lako \u010diste nakon upotrebe. Obrada se mo\u017ee obaviti rotacijskim ili ekscentri\u010dnim strojem za poliranje u kombinaciji s na\u0161im vrhunskim brusnim pastama.<\/p>\n<p>F\u00fcr das perfekte Finish verwenden Sie in einem zweiten Arbeitsgang unser Premium Pad Orange in Kombination mit unserer S30+ Antihologramm Politur &#8211; idealerweise exzentrisch verarbeitet. F\u00fcr eine langanhaltende Versiegelung der Lackoberfl\u00e4che ist unser Coatwax W6 Black hervorragend geeignet<\/p>","protected":false},"featured_media":148,"comment_status":"open","ping_status":"closed","template":"","meta":{"_et_pb_use_builder":"","_et_pb_old_content":"","_et_gb_content_width":""},"product_cat":[25],"product_tag":[],"_links":{"self":[{"href":"https:\/\/scholl-international.com\/hr\/wp-json\/wp\/v2\/product\/89"}],"collection":[{"href":"https:\/\/scholl-international.com\/hr\/wp-json\/wp\/v2\/product"}],"about":[{"href":"https:\/\/scholl-international.com\/hr\/wp-json\/wp\/v2\/types\/product"}],"replies":[{"embeddable":true,"href":"https:\/\/scholl-international.com\/hr\/wp-json\/wp\/v2\/comments?post=89"}],"wp:featuredmedia":[{"embeddable":true,"href":"https:\/\/scholl-international.com\/hr\/wp-json\/wp\/v2\/media\/148"}],"wp:attachment":[{"href":"https:\/\/scholl-international.com\/hr\/wp-json\/wp\/v2\/media?parent=89"}],"wp:term":[{"taxonomy":"product_cat","embeddable":true,"href":"https:\/\/scholl-international.com\/hr\/wp-json\/wp\/v2\/product_cat?post=89"},{"taxonomy":"product_tag","embeddable":true,"href":"https:\/\/scholl-international.com\/hr\/wp-json\/wp\/v2\/product_tag?post=89"}],"curies":[{"name":"wp","href":"https:\/\/api.w.org\/{rel}","templated":true}]}}