{"id":95,"date":"2023-05-11T11:48:16","date_gmt":"2023-05-11T11:48:16","guid":{"rendered":"http:\/\/scholl-international.com\/?post_type=product&#038;p=95"},"modified":"2023-05-11T11:51:43","modified_gmt":"2023-05-11T11:51:43","slug":"microfiber-cutting-pad","status":"publish","type":"product","link":"https:\/\/scholl-international.com\/hr\/proizvod\/microfiber-cutting-pad\/","title":{"rendered":"MICROFIBER CUTTING PAD"},"content":{"rendered":"<p>Spu\u017eve za poliranje od mikrovlakana sve su popularnije na tr\u017ei\u0161tu, jer ih karakterizira vrlo visok stupanj abrazije na gotovo svim lakiranim povr\u0161inama.<\/p>\n<p>Spu\u017eve su jednako prikladne za poluprofesionalnu i profesionalnu primjene.<\/p>\n<p>Preporu\u010dujemo kori\u0161tenje ekscentri\u010dnog stroja za poliranje u kombinaciji s na\u0161im vrhunskim brusnim pastama.<\/p>\n<p>Za savr\u0161enu zavr\u0161nu obradu koristite na\u0161 Premium Pad Orange u kombinaciji s na\u0161im S30+ sredstvom za poliranje protiv holograma u drugom koraku.<\/p>\n<p>Na\u0161 Coatwax W6 Black idealan je za dugotrajnu za\u0161titu lakiranih povr\u0161ina.<\/p>","protected":false},"excerpt":{"rendered":"<p>Spu\u017eve za poliranje od mikrovlakana sve su popularnije na tr\u017ei\u0161tu, jer ih karakterizira vrlo visok stupanj abrazije na gotovo svim lakiranim povr\u0161inama.<\/p>\n<p>Spu\u017eve su jednako prikladne za poluprofesionalnu i profesionalnu primjene.<\/p>\n<p>Preporu\u010dujemo kori\u0161tenje ekscentri\u010dnog stroja za poliranje u kombinaciji s na\u0161im vrhunskim brusnim pastama.<\/p>\n<p>Za savr\u0161enu zavr\u0161nu obradu koristite na\u0161 Premium Pad Orange u kombinaciji s na\u0161im S30+ sredstvom za poliranje protiv holograma u drugom koraku.<\/p>\n<p>Na\u0161 Coatwax W6 Black idealan je za dugotrajnu za\u0161titu lakiranih povr\u0161ina.<\/p>","protected":false},"featured_media":149,"comment_status":"open","ping_status":"closed","template":"","meta":{"_et_pb_use_builder":"","_et_pb_old_content":"","_et_gb_content_width":""},"product_cat":[25],"product_tag":[],"_links":{"self":[{"href":"https:\/\/scholl-international.com\/hr\/wp-json\/wp\/v2\/product\/95"}],"collection":[{"href":"https:\/\/scholl-international.com\/hr\/wp-json\/wp\/v2\/product"}],"about":[{"href":"https:\/\/scholl-international.com\/hr\/wp-json\/wp\/v2\/types\/product"}],"replies":[{"embeddable":true,"href":"https:\/\/scholl-international.com\/hr\/wp-json\/wp\/v2\/comments?post=95"}],"wp:featuredmedia":[{"embeddable":true,"href":"https:\/\/scholl-international.com\/hr\/wp-json\/wp\/v2\/media\/149"}],"wp:attachment":[{"href":"https:\/\/scholl-international.com\/hr\/wp-json\/wp\/v2\/media?parent=95"}],"wp:term":[{"taxonomy":"product_cat","embeddable":true,"href":"https:\/\/scholl-international.com\/hr\/wp-json\/wp\/v2\/product_cat?post=95"},{"taxonomy":"product_tag","embeddable":true,"href":"https:\/\/scholl-international.com\/hr\/wp-json\/wp\/v2\/product_tag?post=95"}],"curies":[{"name":"wp","href":"https:\/\/api.w.org\/{rel}","templated":true}]}}