{"id":98,"date":"2023-05-11T11:48:17","date_gmt":"2023-05-11T11:48:17","guid":{"rendered":"http:\/\/scholl-international.com\/?post_type=product&#038;p=98"},"modified":"2023-05-11T11:52:03","modified_gmt":"2023-05-11T11:52:03","slug":"ninja-cutting-pad-rot","status":"publish","type":"product","link":"https:\/\/scholl-international.com\/hr\/proizvod\/ninja-cutting-pad-rot\/","title":{"rendered":"NINJA CUTTING PAD RED"},"content":{"rendered":"<p>Crvena ninja spu\u017eva impresionira svojom visokom abrazivno\u0161\u0107u prilikom pripreme laka, dobrim pregledom prilikom poliranja i svojim Flex-Cut urezima koji smanjuju hologram.<\/p>","protected":false},"excerpt":{"rendered":"<p>Crvena ninja spu\u017eva impresionira svojom visokom abrazivno\u0161\u0107u prilikom pripreme laka, dobrim pregledom prilikom poliranja i svojim Flex-Cut urezima koji smanjuju hologram.<\/p>","protected":false},"featured_media":156,"comment_status":"open","ping_status":"closed","template":"","meta":{"_et_pb_use_builder":"","_et_pb_old_content":"","_et_gb_content_width":""},"product_cat":[25],"product_tag":[],"_links":{"self":[{"href":"https:\/\/scholl-international.com\/hr\/wp-json\/wp\/v2\/product\/98"}],"collection":[{"href":"https:\/\/scholl-international.com\/hr\/wp-json\/wp\/v2\/product"}],"about":[{"href":"https:\/\/scholl-international.com\/hr\/wp-json\/wp\/v2\/types\/product"}],"replies":[{"embeddable":true,"href":"https:\/\/scholl-international.com\/hr\/wp-json\/wp\/v2\/comments?post=98"}],"wp:featuredmedia":[{"embeddable":true,"href":"https:\/\/scholl-international.com\/hr\/wp-json\/wp\/v2\/media\/156"}],"wp:attachment":[{"href":"https:\/\/scholl-international.com\/hr\/wp-json\/wp\/v2\/media?parent=98"}],"wp:term":[{"taxonomy":"product_cat","embeddable":true,"href":"https:\/\/scholl-international.com\/hr\/wp-json\/wp\/v2\/product_cat?post=98"},{"taxonomy":"product_tag","embeddable":true,"href":"https:\/\/scholl-international.com\/hr\/wp-json\/wp\/v2\/product_tag?post=98"}],"curies":[{"name":"wp","href":"https:\/\/api.w.org\/{rel}","templated":true}]}}