{"id":99,"date":"2023-05-11T11:48:18","date_gmt":"2023-05-11T11:48:18","guid":{"rendered":"http:\/\/scholl-international.com\/?post_type=product&#038;p=99"},"modified":"2023-05-11T11:52:09","modified_gmt":"2023-05-11T11:52:09","slug":"ninja-finish-pad-blau","status":"publish","type":"product","link":"https:\/\/scholl-international.com\/hr\/proizvod\/ninja-finish-pad-blau\/","title":{"rendered":"NINJA FINISH PAD BLUE"},"content":{"rendered":"<p>Plava ninja spu\u017eva idealna je zavr\u0161na spu\u017eva za uklanjanje laganih ogrebotina i mrlja. New-Edge rubno glodanje nudi dobar pregled prilikom poliranja te\u0161ko dostupnih lakiranih povr\u0161ina.<\/p>","protected":false},"excerpt":{"rendered":"<p>Plava ninja spu\u017eva idealna je zavr\u0161na spu\u017eva za uklanjanje laganih ogrebotina i mrlja. New-Edge rubno glodanje nudi dobar pregled prilikom poliranja te\u0161ko dostupnih lakiranih povr\u0161ina.<\/p>","protected":false},"featured_media":157,"comment_status":"open","ping_status":"closed","template":"","meta":{"_et_pb_use_builder":"","_et_pb_old_content":"","_et_gb_content_width":""},"product_cat":[25],"product_tag":[],"_links":{"self":[{"href":"https:\/\/scholl-international.com\/hr\/wp-json\/wp\/v2\/product\/99"}],"collection":[{"href":"https:\/\/scholl-international.com\/hr\/wp-json\/wp\/v2\/product"}],"about":[{"href":"https:\/\/scholl-international.com\/hr\/wp-json\/wp\/v2\/types\/product"}],"replies":[{"embeddable":true,"href":"https:\/\/scholl-international.com\/hr\/wp-json\/wp\/v2\/comments?post=99"}],"wp:featuredmedia":[{"embeddable":true,"href":"https:\/\/scholl-international.com\/hr\/wp-json\/wp\/v2\/media\/157"}],"wp:attachment":[{"href":"https:\/\/scholl-international.com\/hr\/wp-json\/wp\/v2\/media?parent=99"}],"wp:term":[{"taxonomy":"product_cat","embeddable":true,"href":"https:\/\/scholl-international.com\/hr\/wp-json\/wp\/v2\/product_cat?post=99"},{"taxonomy":"product_tag","embeddable":true,"href":"https:\/\/scholl-international.com\/hr\/wp-json\/wp\/v2\/product_tag?post=99"}],"curies":[{"name":"wp","href":"https:\/\/api.w.org\/{rel}","templated":true}]}}